{"id":604,"date":"2021-12-29T09:13:58","date_gmt":"2021-12-29T09:13:58","guid":{"rendered":"https:\/\/meliora.id\/?page_id=604"},"modified":"2022-02-06T19:32:00","modified_gmt":"2022-02-06T19:32:00","slug":"katalog-jaringan","status":"publish","type":"page","link":"https:\/\/humanioradigital.org\/index.php\/katalog-jaringan\/","title":{"rendered":"Katalog Jaringan"},"content":{"rendered":"\t\t<div data-elementor-type=\"wp-page\" data-elementor-id=\"604\" class=\"elementor elementor-604\" data-elementor-post-type=\"page\">\n\t\t\t\t\t\t\t\t\t<section class=\"elementor-section elementor-top-section elementor-element elementor-element-e151e6d animated-fast elementor-section-boxed elementor-section-height-default elementor-section-height-default elementor-invisible\" data-id=\"e151e6d\" data-element_type=\"section\" data-settings=\"{&quot;animation&quot;:&quot;slideInUp&quot;}\">\n\t\t\t\t\t\t<div class=\"elementor-container elementor-column-gap-default\">\n\t\t\t\t\t<div class=\"elementor-column elementor-col-100 elementor-top-column elementor-element elementor-element-4047083\" data-id=\"4047083\" data-element_type=\"column\">\n\t\t\t<div class=\"elementor-widget-wrap elementor-element-populated\">\n\t\t\t\t\t\t\t\t<div class=\"elementor-element elementor-element-39137e4 elementor-widget elementor-widget-image\" data-id=\"39137e4\" data-element_type=\"widget\" data-widget_type=\"image.default\">\n\t\t\t\t<div class=\"elementor-widget-container\">\n\t\t\t<style>\/*! elementor - v3.18.0 - 08-12-2023 *\/\n.elementor-widget-image{text-align:center}.elementor-widget-image a{display:inline-block}.elementor-widget-image a img[src$=\".svg\"]{width:48px}.elementor-widget-image img{vertical-align:middle;display:inline-block}<\/style>\t\t\t\t\t\t\t\t\t\t\t\t<img fetchpriority=\"high\" decoding=\"async\" width=\"300\" height=\"229\" src=\"https:\/\/humanioradigital.org\/wp-content\/uploads\/2022\/02\/0004-300x229.png\" class=\"attachment-medium size-medium wp-image-1204\" alt=\"\" srcset=\"https:\/\/humanioradigital.org\/wp-content\/uploads\/2022\/02\/0004-300x229.png 300w, https:\/\/humanioradigital.org\/wp-content\/uploads\/2022\/02\/0004.png 703w\" sizes=\"(max-width: 300px) 100vw, 300px\" \/>\t\t\t\t\t\t\t\t\t\t\t\t\t\t\t<\/div>\n\t\t\t\t<\/div>\n\t\t\t\t<div class=\"elementor-element elementor-element-eb74869 elementor-widget elementor-widget-heading\" data-id=\"eb74869\" data-element_type=\"widget\" data-widget_type=\"heading.default\">\n\t\t\t\t<div class=\"elementor-widget-container\">\n\t\t\t<style>\/*! elementor - v3.18.0 - 08-12-2023 *\/\n.elementor-heading-title{padding:0;margin:0;line-height:1}.elementor-widget-heading .elementor-heading-title[class*=elementor-size-]>a{color:inherit;font-size:inherit;line-height:inherit}.elementor-widget-heading .elementor-heading-title.elementor-size-small{font-size:15px}.elementor-widget-heading .elementor-heading-title.elementor-size-medium{font-size:19px}.elementor-widget-heading .elementor-heading-title.elementor-size-large{font-size:29px}.elementor-widget-heading .elementor-heading-title.elementor-size-xl{font-size:39px}.elementor-widget-heading .elementor-heading-title.elementor-size-xxl{font-size:59px}<\/style><h1 class=\"elementor-heading-title elementor-size-default\">Katalog Jaringan<\/h1>\t\t<\/div>\n\t\t\t\t<\/div>\n\t\t\t\t<div class=\"elementor-element elementor-element-111a685 elementor-widget elementor-widget-text-editor\" data-id=\"111a685\" data-element_type=\"widget\" id=\"katalog\" data-widget_type=\"text-editor.default\">\n\t\t\t\t<div class=\"elementor-widget-container\">\n\t\t\t<style>\/*! elementor - v3.18.0 - 08-12-2023 *\/\n.elementor-widget-text-editor.elementor-drop-cap-view-stacked .elementor-drop-cap{background-color:#69727d;color:#fff}.elementor-widget-text-editor.elementor-drop-cap-view-framed .elementor-drop-cap{color:#69727d;border:3px solid;background-color:transparent}.elementor-widget-text-editor:not(.elementor-drop-cap-view-default) .elementor-drop-cap{margin-top:8px}.elementor-widget-text-editor:not(.elementor-drop-cap-view-default) .elementor-drop-cap-letter{width:1em;height:1em}.elementor-widget-text-editor .elementor-drop-cap{float:left;text-align:center;line-height:1;font-size:50px}.elementor-widget-text-editor .elementor-drop-cap-letter{display:inline-block}<\/style>\t\t\t\t<h3><strong>Organisasi Humaniora Digital<\/strong><\/h3><p>Ada banyak organisasi yang menaungi badan-badan dan inisiatif-inisiatif Humaniora Digital. Salah satu badan yang prominen dan membawahi sejumlah organisasi humaniora digital dari berbagai belahan dunia adalah ADHO.<\/p><ul><li>ADHO Alliance of Digital Humanities Organizations <a href=\"https:\/\/adho.org\" target=\"_blank\" rel=\"noopener\">https:\/\/adho.org<\/a><\/li><\/ul><blockquote><p>ADHO adalah organisasi payung internasional yang terdiri dari berbagai organisasi Humaniora Digital dari seluruh dunia. Tujuan dari ADHO adalah mempromosikan dan mendukung penelitian, publikasi, kolaborasi, pelatihan, dan pengajaran digital di seluruh bidang humaniora.<\/p><\/blockquote><ul><li>Australasian Association for Digital Humanities (aaDH) <a href=\"https:\/\/aa-dh.org\/\" target=\"_blank\" rel=\"noopener\">https:\/\/aa-dh.org\/<\/a><\/li><li>Association for Computers and the Humanities (ACH) <a href=\"https:\/\/ach.org\/\" target=\"_blank\" rel=\"noopener\">https:\/\/ach.org\/<\/a><\/li><li>Canadian Society for Digital Humanities \/ Soci\u00e9t\u00e9 canadienne des humanit\u00e9s num\u00e9riques (CSDH\/SCHN) <a href=\"https:\/\/csdh-schn.org\/\" target=\"_blank\" rel=\"noopener\">https:\/\/csdh-schn.org\/<\/a><\/li><li>centerNet <a href=\"http:\/\/dhcenternet.org\/\" target=\"_blank\" rel=\"noopener\">http:\/\/dhcenternet.org\/<\/a><\/li><li>Digital Humanities Association of Southern Africa (DHASA) <a href=\"http:\/\/digitalhumanities.org.za\/\" target=\"_blank\" rel=\"noopener\">http:\/\/digitalhumanities.org.za\/<\/a><\/li><li>Digital Humanities im deutschsprachigen Raum (DHd) <a href=\"https:\/\/dig-hum.de\/\" target=\"_blank\" rel=\"noopener\">https:\/\/dig-hum.de\/<\/a><\/li><li>European Association for Digital Humanities (EADH) <a href=\"https:\/\/eadh.org\/\" target=\"_blank\" rel=\"noopener\">https:\/\/eadh.org\/<\/a><\/li><li>Humanistica, L&#8217;association francophone des humanit\u00e9s num\u00e9riques\/digitales (Humanistica) <a href=\"http:\/\/www.humanisti.ca\/\" target=\"_blank\" rel=\"noopener\">http:\/\/www.humanisti.ca\/<\/a><\/li><li>Japanese Association for Digital Humanities (JADH) <a href=\"https:\/\/www.jadh.org\/\" target=\"_blank\" rel=\"noopener\">https:\/\/www.jadh.org\/<\/a><\/li><li>Red de Humanidades Digitales (RedHD) <a href=\"http:\/\/www.humanidadesdigitales.net\/\" target=\"_blank\" rel=\"noopener\">http:\/\/www.humanidadesdigitales.net\/<\/a><\/li><li>Taiwanese Association for Digital Humanities (TADH) <a href=\"http:\/\/tadh.org.tw\/en\/\" target=\"_blank\" rel=\"noopener\">http:\/\/tadh.org.tw\/en\/<\/a><\/li><\/ul><h3><strong>Jurnal, Terbitan Berkala dan Organisasi Lainnya<\/strong><\/h3><ul><li>Digital Frontiers<\/li><li>Global Outlook Digital Humanities<\/li><li>Digital Research Infrastructure for the Digital Humanities<\/li><li>Digging into Data<\/li><li>Netherlands Network for Humanities, Social Sciences and Technology<\/li><\/ul>\t\t\t\t\t\t<\/div>\n\t\t\t\t<\/div>\n\t\t\t\t\t<\/div>\n\t\t<\/div>\n\t\t\t\t\t\t\t<\/div>\n\t\t<\/section>\n\t\t\t\t\t\t\t<\/div>\n\t\t","protected":false},"excerpt":{"rendered":"<p>Katalog Jaringan Organisasi Humaniora Digital Ada banyak organisasi yang menaungi badan-badan dan inisiatif-inisiatif Humaniora Digital. Salah satu badan yang prominen dan membawahi sejumlah organisasi humaniora digital dari berbagai belahan dunia adalah ADHO. ADHO Alliance of Digital Humanities Organizations https:\/\/adho.org ADHO adalah organisasi payung internasional yang terdiri dari berbagai organisasi Humaniora Digital dari seluruh dunia. Tujuan &hellip;<\/p>\n<p class=\"read-more\"> <a class=\"\" href=\"https:\/\/humanioradigital.org\/index.php\/katalog-jaringan\/\"> <span class=\"screen-reader-text\">Katalog Jaringan<\/span> Read More &raquo;<\/a><\/p>\n","protected":false},"author":1,"featured_media":0,"parent":0,"menu_order":0,"comment_status":"closed","ping_status":"closed","template":"elementor_header_footer","meta":{"inline_featured_image":false,"_mi_skip_tracking":false,"_monsterinsights_sitenote_active":false,"_monsterinsights_sitenote_note":"","_monsterinsights_sitenote_category":0,"site-sidebar-layout":"no-sidebar","site-content-layout":"page-builder","ast-main-header-display":"","ast-hfb-above-header-display":"","ast-hfb-below-header-display":"","ast-hfb-mobile-header-display":"","site-post-title":"disabled","ast-breadcrumbs-content":"","ast-featured-img":"disabled","footer-sml-layout":"","theme-transparent-header-meta":"","adv-header-id-meta":"","stick-header-meta":"","header-above-stick-meta":"","header-main-stick-meta":"","header-below-stick-meta":"","footnotes":""},"class_list":["post-604","page","type-page","status-publish","hentry"],"yoast_head":"<!-- This site is optimized with the Yoast SEO plugin v21.7 - https:\/\/yoast.com\/wordpress\/plugins\/seo\/ -->\n<title>Katalog Jaringan - Humaniora Digital<\/title>\n<meta name=\"robots\" content=\"index, follow, max-snippet:-1, max-image-preview:large, max-video-preview:-1\" \/>\n<link rel=\"canonical\" href=\"https:\/\/humanioradigital.org\/index.php\/katalog-jaringan\/\" \/>\n<meta property=\"og:locale\" content=\"en_US\" \/>\n<meta property=\"og:type\" content=\"article\" \/>\n<meta property=\"og:title\" content=\"Katalog Jaringan - Humaniora Digital\" \/>\n<meta property=\"og:description\" content=\"Katalog Jaringan Organisasi Humaniora Digital Ada banyak organisasi yang menaungi badan-badan dan inisiatif-inisiatif Humaniora Digital. Salah satu badan yang prominen dan membawahi sejumlah organisasi humaniora digital dari berbagai belahan dunia adalah ADHO. ADHO Alliance of Digital Humanities Organizations https:\/\/adho.org ADHO adalah organisasi payung internasional yang terdiri dari berbagai organisasi Humaniora Digital dari seluruh dunia. Tujuan &hellip; Katalog Jaringan Read More &raquo;\" \/>\n<meta property=\"og:url\" content=\"https:\/\/humanioradigital.org\/index.php\/katalog-jaringan\/\" \/>\n<meta property=\"og:site_name\" content=\"Humaniora Digital\" \/>\n<meta property=\"article:publisher\" content=\"https:\/\/www.facebook.com\/melioraidn\" \/>\n<meta property=\"article:modified_time\" content=\"2022-02-06T19:32:00+00:00\" \/>\n<meta property=\"og:image\" content=\"https:\/\/meliora.id\/wp-content\/uploads\/2022\/02\/0004-300x229.png\" \/>\n<meta name=\"twitter:card\" content=\"summary_large_image\" \/>\n<meta name=\"twitter:label1\" content=\"Est. reading time\" \/>\n\t<meta name=\"twitter:data1\" content=\"1 minute\" \/>\n<script type=\"application\/ld+json\" class=\"yoast-schema-graph\">{\"@context\":\"https:\/\/schema.org\",\"@graph\":[{\"@type\":\"WebPage\",\"@id\":\"https:\/\/humanioradigital.org\/index.php\/katalog-jaringan\/\",\"url\":\"https:\/\/humanioradigital.org\/index.php\/katalog-jaringan\/\",\"name\":\"Katalog Jaringan - Humaniora Digital\",\"isPartOf\":{\"@id\":\"https:\/\/humanioradigital.org\/#website\"},\"datePublished\":\"2021-12-29T09:13:58+00:00\",\"dateModified\":\"2022-02-06T19:32:00+00:00\",\"breadcrumb\":{\"@id\":\"https:\/\/humanioradigital.org\/index.php\/katalog-jaringan\/#breadcrumb\"},\"inLanguage\":\"en-US\",\"potentialAction\":[{\"@type\":\"ReadAction\",\"target\":[\"https:\/\/humanioradigital.org\/index.php\/katalog-jaringan\/\"]}]},{\"@type\":\"BreadcrumbList\",\"@id\":\"https:\/\/humanioradigital.org\/index.php\/katalog-jaringan\/#breadcrumb\",\"itemListElement\":[{\"@type\":\"ListItem\",\"position\":1,\"name\":\"Home\",\"item\":\"https:\/\/humanioradigital.org\/\"},{\"@type\":\"ListItem\",\"position\":2,\"name\":\"Katalog Jaringan\"}]},{\"@type\":\"WebSite\",\"@id\":\"https:\/\/humanioradigital.org\/#website\",\"url\":\"https:\/\/humanioradigital.org\/\",\"name\":\"Humaniora Digital\",\"description\":\"Humaniora Digital\",\"publisher\":{\"@id\":\"https:\/\/humanioradigital.org\/#organization\"},\"potentialAction\":[{\"@type\":\"SearchAction\",\"target\":{\"@type\":\"EntryPoint\",\"urlTemplate\":\"https:\/\/humanioradigital.org\/?s={search_term_string}\"},\"query-input\":\"required name=search_term_string\"}],\"inLanguage\":\"en-US\"},{\"@type\":\"Organization\",\"@id\":\"https:\/\/humanioradigital.org\/#organization\",\"name\":\"meliora.id\",\"url\":\"https:\/\/humanioradigital.org\/\",\"logo\":{\"@type\":\"ImageObject\",\"inLanguage\":\"en-US\",\"@id\":\"https:\/\/humanioradigital.org\/#\/schema\/logo\/image\/\",\"url\":\"https:\/\/meliora.id\/wp-content\/uploads\/2021\/12\/Asset-7.svg\",\"contentUrl\":\"https:\/\/meliora.id\/wp-content\/uploads\/2021\/12\/Asset-7.svg\",\"width\":324,\"height\":109,\"caption\":\"meliora.id\"},\"image\":{\"@id\":\"https:\/\/humanioradigital.org\/#\/schema\/logo\/image\/\"},\"sameAs\":[\"https:\/\/www.facebook.com\/melioraidn\",\"https:\/\/www.instagram.com\/melioresmappae\/\"]}]}<\/script>\n<!-- \/ Yoast SEO plugin. -->","yoast_head_json":{"title":"Katalog Jaringan - Humaniora Digital","robots":{"index":"index","follow":"follow","max-snippet":"max-snippet:-1","max-image-preview":"max-image-preview:large","max-video-preview":"max-video-preview:-1"},"canonical":"https:\/\/humanioradigital.org\/index.php\/katalog-jaringan\/","og_locale":"en_US","og_type":"article","og_title":"Katalog Jaringan - Humaniora Digital","og_description":"Katalog Jaringan Organisasi Humaniora Digital Ada banyak organisasi yang menaungi badan-badan dan inisiatif-inisiatif Humaniora Digital. Salah satu badan yang prominen dan membawahi sejumlah organisasi humaniora digital dari berbagai belahan dunia adalah ADHO. ADHO Alliance of Digital Humanities Organizations https:\/\/adho.org ADHO adalah organisasi payung internasional yang terdiri dari berbagai organisasi Humaniora Digital dari seluruh dunia. Tujuan &hellip; Katalog Jaringan Read More &raquo;","og_url":"https:\/\/humanioradigital.org\/index.php\/katalog-jaringan\/","og_site_name":"Humaniora Digital","article_publisher":"https:\/\/www.facebook.com\/melioraidn","article_modified_time":"2022-02-06T19:32:00+00:00","og_image":[{"url":"https:\/\/meliora.id\/wp-content\/uploads\/2022\/02\/0004-300x229.png"}],"twitter_card":"summary_large_image","twitter_misc":{"Est. reading time":"1 minute"},"schema":{"@context":"https:\/\/schema.org","@graph":[{"@type":"WebPage","@id":"https:\/\/humanioradigital.org\/index.php\/katalog-jaringan\/","url":"https:\/\/humanioradigital.org\/index.php\/katalog-jaringan\/","name":"Katalog Jaringan - Humaniora Digital","isPartOf":{"@id":"https:\/\/humanioradigital.org\/#website"},"datePublished":"2021-12-29T09:13:58+00:00","dateModified":"2022-02-06T19:32:00+00:00","breadcrumb":{"@id":"https:\/\/humanioradigital.org\/index.php\/katalog-jaringan\/#breadcrumb"},"inLanguage":"en-US","potentialAction":[{"@type":"ReadAction","target":["https:\/\/humanioradigital.org\/index.php\/katalog-jaringan\/"]}]},{"@type":"BreadcrumbList","@id":"https:\/\/humanioradigital.org\/index.php\/katalog-jaringan\/#breadcrumb","itemListElement":[{"@type":"ListItem","position":1,"name":"Home","item":"https:\/\/humanioradigital.org\/"},{"@type":"ListItem","position":2,"name":"Katalog Jaringan"}]},{"@type":"WebSite","@id":"https:\/\/humanioradigital.org\/#website","url":"https:\/\/humanioradigital.org\/","name":"Humaniora Digital","description":"Humaniora Digital","publisher":{"@id":"https:\/\/humanioradigital.org\/#organization"},"potentialAction":[{"@type":"SearchAction","target":{"@type":"EntryPoint","urlTemplate":"https:\/\/humanioradigital.org\/?s={search_term_string}"},"query-input":"required name=search_term_string"}],"inLanguage":"en-US"},{"@type":"Organization","@id":"https:\/\/humanioradigital.org\/#organization","name":"meliora.id","url":"https:\/\/humanioradigital.org\/","logo":{"@type":"ImageObject","inLanguage":"en-US","@id":"https:\/\/humanioradigital.org\/#\/schema\/logo\/image\/","url":"https:\/\/meliora.id\/wp-content\/uploads\/2021\/12\/Asset-7.svg","contentUrl":"https:\/\/meliora.id\/wp-content\/uploads\/2021\/12\/Asset-7.svg","width":324,"height":109,"caption":"meliora.id"},"image":{"@id":"https:\/\/humanioradigital.org\/#\/schema\/logo\/image\/"},"sameAs":["https:\/\/www.facebook.com\/melioraidn","https:\/\/www.instagram.com\/melioresmappae\/"]}]}},"_links":{"self":[{"href":"https:\/\/humanioradigital.org\/index.php\/wp-json\/wp\/v2\/pages\/604","targetHints":{"allow":["GET"]}}],"collection":[{"href":"https:\/\/humanioradigital.org\/index.php\/wp-json\/wp\/v2\/pages"}],"about":[{"href":"https:\/\/humanioradigital.org\/index.php\/wp-json\/wp\/v2\/types\/page"}],"author":[{"embeddable":true,"href":"https:\/\/humanioradigital.org\/index.php\/wp-json\/wp\/v2\/users\/1"}],"replies":[{"embeddable":true,"href":"https:\/\/humanioradigital.org\/index.php\/wp-json\/wp\/v2\/comments?post=604"}],"version-history":[{"count":64,"href":"https:\/\/humanioradigital.org\/index.php\/wp-json\/wp\/v2\/pages\/604\/revisions"}],"predecessor-version":[{"id":1290,"href":"https:\/\/humanioradigital.org\/index.php\/wp-json\/wp\/v2\/pages\/604\/revisions\/1290"}],"wp:attachment":[{"href":"https:\/\/humanioradigital.org\/index.php\/wp-json\/wp\/v2\/media?parent=604"}],"curies":[{"name":"wp","href":"https:\/\/api.w.org\/{rel}","templated":true}]}}